{"id":2379,"date":"2019-05-21T17:01:26","date_gmt":"2019-05-21T15:01:26","guid":{"rendered":"http:\/\/www.serwer27688.lh.pl\/socialgroup\/?page_id=2379"},"modified":"2025-08-29T22:09:57","modified_gmt":"2025-08-29T20:09:57","slug":"pinterest","status":"publish","type":"page","link":"https:\/\/www.socialgroup.pl\/en\/pinterest\/","title":{"rendered":"Pinterest"},"content":{"rendered":"[vc_row][vc_column width=&#8221;1\/2&#8243;][wgl_double_headings title_color=&#8221;#252525&#8243; subtitle_color=&#8221;#ff7d00&#8243; title=&#8221;How we deal with your account<br \/>\nPinterest?&#8221; responsive_font=&#8221;true&#8221; font_size_mobile=&#8221;33&#8243;][wgl_spacing spacer_size=&#8221;19px&#8221;][wgl_custom_text font_size=&#8221;16&#8243;]<span>We approach each industry individually and professionally.<\/span>[\/wgl_custom_text][wgl_spacing spacer_size=&#8221;19px&#8221;][wgl_button button_text=&#8221;Choose your plan&#8221; icon_type=&#8221;font&#8221; icon_font_type=&#8221;type_fontawesome&#8221; icon_fontawesome=&#8221;fa fa-level-down&#8221; icon_position=&#8221;right&#8221; customize=&#8221;gradient&#8221; text_color=&#8221;#ffffff&#8221; text_color_hover=&#8221;#ffffff&#8221; bg_gradient_start=&#8221;#ffc600&#8243; bg_gradient_end=&#8221;#ff4200&#8243; bg_gradient_start_hover=&#8221;#ff4200&#8243; bg_gradient_end_hover=&#8221;#ffc600&#8243; border_gradient_start=&#8221;#ffc600&#8243; border_gradient_end=&#8221;#ff4200&#8243; border_gradient_start_hover=&#8221;#ff4200&#8243; border_gradient_end_hover=&#8221;#ffc600&#8243; link=&#8221;url:%23pin|||&#8221;][\/vc_column][vc_column width=&#8221;1\/2&#8243;][wgl_image_layers values=&#8221;%5B%7B%22thumbnail%22%3A%221778%22%2C%22left_offset%22%3A%2210%22%2C%22image_animation%22%3A%22zoom_in%22%2C%22image_order%22%3A%222%22%7D%2C%7B%22thumbnail%22%3A%221776%22%2C%22left_offset%22%3A%220%22%2C%22image_animation%22%3A%22slide_right%22%2C%22image_order%22%3A%221%22%7D%2C%7B%22thumbnail%22%3A%221777%22%2C%22image_animation%22%3A%22slide_left%22%2C%22image_order%22%3A%221%22%7D%2C%7B%22thumbnail%22%3A%221775%22%2C%22image_animation%22%3A%22fade_in%22%2C%22image_order%22%3A%222%22%7D%2C%7B%22thumbnail%22%3A%221779%22%2C%22image_animation%22%3A%22slide_big_up%22%2C%22image_order%22%3A%223%22%7D%5D&#8221;][\/vc_column][vc_column el_id=&#8221;pin&#8221;][wgl_spacing spacer_size=&#8221;100px&#8221;][\/vc_column][\/vc_row][vc_row][vc_column width=&#8221;1\/3&#8243;][wgl_pricing_table icon_type=&#8221;none&#8221; button_title=&#8221;ORDER NOW&#8221; button_customize=&#8221;gradient&#8221; button_text_color_hover=&#8221;#ffffff&#8221; button_bg_gradient_start=&#8221;#8cffed&#8221; button_bg_gradient_end=&#8221;#009cff&#8221; button_bg_gradient_start_hover=&#8221;#009cff&#8221; button_bg_gradient_end_hover=&#8221;#8cffed&#8221; button_border_gradient_start=&#8221;#8cffed&#8221; button_border_gradient_end=&#8221;#009cff&#8221; button_border_gradient_start_hover=&#8221;#009cff&#8221; button_border_gradient_end_hover=&#8221;#8cffed&#8221; pricing_title=&#8221;Basic&#8221; pricing_cur=&#8221;EUR&#8221; pricing_price=&#8221;230*&#8221; pricing_desc=&#8221;MONTHLY&#8221; link=&#8221;url:%2Fen%2Fwybierz-swoj-plan-pinterest%2F|||&#8221;]\n<ul>\n<li><b><strong>PINTEREST<\/strong><\/b><\/li>\n<li><strong>10 static pins<\/strong> per month (graphic + description + link)<\/li>\n<li><strong>1 themed board<\/strong><\/li>\n<li><strong>profile optimisation<\/strong><\/li>\n<li><strong>basic report<\/strong> once per month<\/li>\n<li><strong>contract<\/strong> for 12 months<\/li>\n<\/ul>\n[\/wgl_pricing_table][\/vc_column][vc_column width=&#8221;1\/3&#8243;][wgl_pricing_table icon_type=&#8221;none&#8221; button_title=&#8221;ORDER NOW&#8221; button_customize=&#8221;color&#8221; button_text_color=&#8221;#252525&#8243; button_text_color_hover=&#8221;#ffffff&#8221; button_bg_color=&#8221;#ffffff&#8221; button_bg_color_hover=&#8221;&#8221; button_border_color=&#8221;#ffffff&#8221; button_border_color_hover=&#8221;#ffffff&#8221; pricing_customize=&#8221;image&#8221; pricing_bg_image=&#8221;2428&#8243; title_border_color=&#8221;#ffffff&#8221; price_color=&#8221;#ffffff&#8221; description_color=&#8221;#ffffff&#8221; pricing_title=&#8221;STARTER&#8221; pricing_cur=&#8221;EUR&#8221; pricing_price=&#8221;370*&#8221; pricing_desc=&#8221;MONTHLY&#8221; custom_title_color=&#8221;true&#8221; custom_price_color=&#8221;true&#8221; link=&#8221;url:%2Fen%2Fwybierz-swoj-plan-pinterest%2F|||&#8221;]\n<ul>\n<li style=\"color: #ffffff;\"><b style=\"color: inherit;\">PINTEREST<\/b><\/li>\n<li style=\"color: #ffffff;\"><b style=\"color: inherit;\">20 static pins<\/b> per month (graphic + description + link)<\/li>\n<li style=\"color: #ffffff;\"><b style=\"color: inherit;\">2 themed boards<\/b><\/li>\n<li style=\"color: #ffffff;\"><b style=\"color: inherit;\">profile optimisation<\/b><\/li>\n<li style=\"color: #ffffff;\"><b style=\"color: inherit;\">basic SEO<\/b> of pins (keywords)<\/li>\n<li style=\"color: #ffffff;\"><b style=\"color: inherit;\">basic report<\/b><\/li>\n<li style=\"color: #ffffff;\"><b style=\"color: inherit;\">contract<\/b> for 12 months<\/li>\n<\/ul>\n[\/wgl_pricing_table][\/vc_column][vc_column width=&#8221;1\/3&#8243;][wgl_pricing_table icon_type=&#8221;none&#8221; button_title=&#8221;ORDER NOW&#8221; button_customize=&#8221;gradient&#8221; button_text_color_hover=&#8221;#ffffff&#8221; button_bg_gradient_start=&#8221;#ffc600&#8243; button_bg_gradient_end=&#8221;#ff4200&#8243; button_bg_gradient_start_hover=&#8221;#ff4200&#8243; button_bg_gradient_end_hover=&#8221;#ffc600&#8243; pricing_title=&#8221;BUSINESS&#8221; pricing_cur=&#8221;EUR&#8221; pricing_desc=&#8221;MONTHLY&#8221; link=&#8221;url:%2Fen%2Fwybierz-swoj-plan-pinterest%2F|||&#8221; pricing_price=&#8221;580*&#8221;]\n<ul>\n<li><b><strong>PINTEREST<\/strong><\/b><\/li>\n<li><strong>30 static pins<\/strong> per month (graphic \/ video + description + link)<\/li>\n<li><strong>3 themed boards<\/strong><\/li>\n<li><strong>profile optimisation<\/strong><\/li>\n<li><strong>SEO optimisation<\/strong> of pins + industry hashtags<\/li>\n<li><strong>dedicated<\/strong> account manager<\/li>\n<li><strong>report<\/strong> + recommendations once per month<\/li>\n<li><strong>contract<\/strong> for 12 months<\/li>\n<\/ul>\n[\/wgl_pricing_table][\/vc_column][vc_column][vc_empty_space height=&#8221;50px&#8221;][\/vc_column][\/vc_row][vc_row][vc_column width=&#8221;1\/3&#8243;][wgl_pricing_table icon_type=&#8221;none&#8221; button_title=&#8221;ORDER NOW&#8221; button_customize=&#8221;gradient&#8221; button_text_color_hover=&#8221;#ffffff&#8221; button_bg_gradient_start=&#8221;#ffc600&#8243; button_bg_gradient_end=&#8221;#ff4200&#8243; button_bg_gradient_start_hover=&#8221;#ff4200&#8243; button_bg_gradient_end_hover=&#8221;#ffc600&#8243; pricing_title=&#8221;PREMIUM&#8221; pricing_cur=&#8221;EUR&#8221; pricing_desc=&#8221;MONTHLY&#8221; link=&#8221;url:%2Fen%2Fwybierz-swoj-plan-pinterest%2F|||&#8221; pricing_price=&#8221;875*&#8221;]\n<ul>\n<li><b><strong>PINTEREST<\/strong><\/b><\/li>\n<li><strong>50 static pins<\/strong> per month (graphic \/ video + description + link)<\/li>\n<li><strong>5 themed boards<\/strong><\/li>\n<li><strong>profile optimisation<\/strong><\/li>\n<li><strong>video pins<\/strong> (4 per month, \u226430s)<\/li>\n<li><strong>content strategy<\/strong> for seasonal searches<\/li>\n<li><strong>SEO optimisation<\/strong> of pins + industry hashtags<\/li>\n<li><strong>dedicated<\/strong> account manager<\/li>\n<li><strong>video recording<\/strong> once over 12 months (Pozna\u0144 and surroundings up to 30 km)<\/li>\n<li><strong>detailed report<\/strong> + consultation once per month<\/li>\n<li><strong>contract<\/strong> for 12 months<\/li>\n<\/ul>\n[\/wgl_pricing_table][\/vc_column][vc_column width=&#8221;1\/3&#8243;][wgl_pricing_table icon_type=&#8221;none&#8221; button_title=&#8221;ORDER NOW&#8221; button_customize=&#8221;gradient&#8221; button_text_color_hover=&#8221;#ffffff&#8221; button_bg_gradient_start=&#8221;#8cffed&#8221; button_bg_gradient_end=&#8221;#009cff&#8221; button_bg_gradient_start_hover=&#8221;#009cff&#8221; button_bg_gradient_end_hover=&#8221;#8cffed&#8221; button_border_gradient_start=&#8221;#8cffed&#8221; button_border_gradient_end=&#8221;#009cff&#8221; button_border_gradient_start_hover=&#8221;#009cff&#8221; button_border_gradient_end_hover=&#8221;#8cffed&#8221; pricing_title=&#8221;VIP&#8221; pricing_cur=&#8221;EUR&#8221; pricing_price=&#8221;1385*&#8221; pricing_desc=&#8221;MONTHLY&#8221; link=&#8221;url:%2Fen%2Fwybierz-swoj-plan-pinterest%2F|||&#8221;]\n<ul>\n<li><b><strong>PINTEREST<\/strong><\/b><\/li>\n<li><strong>80 static pins<\/strong> per month (graphic \/ video + description + link)<\/li>\n<li><strong>8 themed boards<\/strong><\/li>\n<li><strong>profile optimisation<\/strong><\/li>\n<li><strong>video pins<\/strong> (8 per month, \u226430s)<\/li>\n<li><strong>content strategy<\/strong><\/li>\n<li><strong>marketing consultancy<\/strong><\/li>\n<li><strong>dedicated<\/strong> account manager<\/li>\n<li><strong>SEO optimisation<\/strong> of pins + industry hashtags<\/li>\n<li><strong>Pinterest Ads<\/strong> (management, budget separate)<\/li>\n<li><strong>video recording<\/strong> 2 times over 12 months (Pozna\u0144 and surroundings up to 30 km)<\/li>\n<li><strong>detailed report<\/strong> + consultation twice per month<\/li>\n<li><strong>contract<\/strong> for 12 months<\/li>\n<\/ul>\n[\/wgl_pricing_table][\/vc_column][vc_column width=&#8221;1\/3&#8243;][wgl_pricing_table icon_type=&#8221;none&#8221; button_title=&#8221;ORDER NOW&#8221; button_customize=&#8221;gradient&#8221; button_text_color_hover=&#8221;#ffffff&#8221; button_bg_gradient_start=&#8221;#ffc600&#8243; button_bg_gradient_end=&#8221;#ff4200&#8243; button_bg_gradient_start_hover=&#8221;#ff4200&#8243; button_bg_gradient_end_hover=&#8221;#ffc600&#8243; pricing_title=&#8221;CORPO&#8221; pricing_cur=&#8221;EUR&#8221; pricing_desc=&#8221;MONTHLY&#8221; link=&#8221;url:%2Fen%2Fwybierz-swoj-plan-pinterest%2F|||&#8221; pricing_price=&#8221;2075*&#8221;]\n<ul>\n<li><b><strong>PINTEREST<\/strong><\/b><\/li>\n<li><strong>120 static pins<\/strong> per month (graphic \/ video + description + link)<\/li>\n<li><strong>12 themed boards<\/strong><\/li>\n<li><strong>profile optimisation<\/strong><\/li>\n<li><strong>video pins<\/strong> (12 per month, \u226460s)<\/li>\n<li><strong>comprehensive Pinterest strategy<\/strong> (SEO, campaigns, website and e-commerce integration)<\/li>\n<li><strong>dedicated<\/strong> account manager<\/li>\n<li><strong>marketing consultancy<\/strong><\/li>\n<li><strong>SEO optimisation<\/strong> of pins + industry hashtags<\/li>\n<li><strong>Pinterest Ads<\/strong> (continuous optimisation, remarketing, A\/B testing)<\/li>\n<li><strong>video recording<\/strong> 2 times over 12 months (Pozna\u0144 and surroundings up to 30 km)<\/li>\n<li><strong>detailed report<\/strong> + strategic consultation 4 times per month<\/li>\n<li><strong>contract<\/strong> for 12 months<\/li>\n<\/ul>\n[\/wgl_pricing_table][\/vc_column][vc_column][vc_column_text]<span>* price for one-time payment in advance for 12 months. In the case of monthly payments, the amount is increased by 15%<\/span>[\/vc_column_text][\/vc_column][\/vc_row]\n","protected":false},"excerpt":{"rendered":"<p>[vc_row][vc_column width=&#8221;1\/2&#8243;][wgl_double_headings title_color=&#8221;#252525&#8243; subtitle_color=&#8221;#ff7d00&#8243; title=&#8221;How we deal with your account Pinterest?&#8221; responsive_font=&#8221;true&#8221; font_size_mobile=&#8221;33&#8243;][wgl_spacing spacer_size=&#8221;19px&#8221;][wgl_custom_text font_size=&#8221;16&#8243;]We approach each industry individually and professionally.[\/wgl_custom_text][wgl_spacing spacer_size=&#8221;19px&#8221;][wgl_button button_text=&#8221;Choose your plan&#8221; icon_type=&#8221;font&#8221; icon_font_type=&#8221;type_fontawesome&#8221; icon_fontawesome=&#8221;fa fa-level-down&#8221; icon_position=&#8221;right&#8221; customize=&#8221;gradient&#8221; text_color=&#8221;#ffffff&#8221; text_color_hover=&#8221;#ffffff&#8221; bg_gradient_start=&#8221;#ffc600&#8243; bg_gradient_end=&#8221;#ff4200&#8243; bg_gradient_start_hover=&#8221;#ff4200&#8243; bg_gradient_end_hover=&#8221;#ffc600&#8243; border_gradient_start=&#8221;#ffc600&#8243; border_gradient_end=&#8221;#ff4200&#8243; border_gradient_start_hover=&#8221;#ff4200&#8243; border_gradient_end_hover=&#8221;#ffc600&#8243; link=&#8221;url:%23pin|||&#8221;][\/vc_column][vc_column width=&#8221;1\/2&#8243;][wgl_image_layers values=&#8221;%5B%7B%22thumbnail%22%3A%221778%22%2C%22left_offset%22%3A%2210%22%2C%22image_animation%22%3A%22zoom_in%22%2C%22image_order%22%3A%222%22%7D%2C%7B%22thumbnail%22%3A%221776%22%2C%22left_offset%22%3A%220%22%2C%22image_animation%22%3A%22slide_right%22%2C%22image_order%22%3A%221%22%7D%2C%7B%22thumbnail%22%3A%221777%22%2C%22image_animation%22%3A%22slide_left%22%2C%22image_order%22%3A%221%22%7D%2C%7B%22thumbnail%22%3A%221775%22%2C%22image_animation%22%3A%22fade_in%22%2C%22image_order%22%3A%222%22%7D%2C%7B%22thumbnail%22%3A%221779%22%2C%22image_animation%22%3A%22slide_big_up%22%2C%22image_order%22%3A%223%22%7D%5D&#8221;][\/vc_column][vc_column el_id=&#8221;pin&#8221;][wgl_spacing spacer_size=&#8221;100px&#8221;][\/vc_column][\/vc_row][vc_row][vc_column width=&#8221;1\/3&#8243;][wgl_pricing_table icon_type=&#8221;none&#8221; button_title=&#8221;ORDER NOW&#8221; button_customize=&#8221;gradient&#8221; button_text_color_hover=&#8221;#ffffff&#8221; button_bg_gradient_start=&#8221;#8cffed&#8221; button_bg_gradient_end=&#8221;#009cff&#8221; button_bg_gradient_start_hover=&#8221;#009cff&#8221; [&hellip;]<\/p>\n","protected":false},"author":1,"featured_media":0,"parent":0,"menu_order":0,"comment_status":"closed","ping_status":"closed","template":"","meta":{"footnotes":""},"class_list":["post-2379","page","type-page","status-publish","hentry"],"yoast_head":"<!-- This site is optimized with the Yoast SEO plugin v27.4 - https:\/\/yoast.com\/product\/yoast-seo-wordpress\/ -->\n<title>Prowadzenie konta Pinterest - skuteczna reklama obrazkowa<\/title>\n<meta name=\"description\" content=\"Zaopiekujemy si\u0119 Twoim kontem Pinterest, zwi\u0119kszymy ruch na stronie oraz pozyskamy klient\u00f3w dla Ciebie. Skontaktuj si\u0119 z nami ju\u017c dzi\u015b!\" \/>\n<meta name=\"robots\" content=\"index, follow, max-snippet:-1, max-image-preview:large, max-video-preview:-1\" \/>\n<link rel=\"canonical\" href=\"https:\/\/www.socialgroup.pl\/en\/pinterest\/\" \/>\n<meta property=\"og:locale\" content=\"en_GB\" \/>\n<meta property=\"og:locale:alternate\" content=\"pl_PL\" \/>\n<meta property=\"og:type\" content=\"article\" \/>\n<meta property=\"og:title\" content=\"Prowadzenie konta Pinterest - skuteczna reklama obrazkowa\" \/>\n<meta property=\"og:description\" content=\"Zaopiekujemy si\u0119 Twoim kontem Pinterest, zwi\u0119kszymy ruch na stronie oraz pozyskamy klient\u00f3w dla Ciebie. Skontaktuj si\u0119 z nami ju\u017c dzi\u015b!\" \/>\n<meta property=\"og:url\" content=\"https:\/\/www.socialgroup.pl\/en\/pinterest\/\" \/>\n<meta property=\"og:site_name\" content=\"Agencja social media Pozna\u0144\" \/>\n<meta property=\"article:modified_time\" content=\"2025-08-29T20:09:57+00:00\" \/>\n<meta name=\"twitter:card\" content=\"summary_large_image\" \/>\n<script type=\"application\/ld+json\" class=\"yoast-schema-graph\">{\"@context\":\"https:\\\/\\\/schema.org\",\"@graph\":[{\"@type\":\"WebPage\",\"@id\":\"https:\\\/\\\/www.socialgroup.pl\\\/en\\\/pinterest\\\/\",\"url\":\"https:\\\/\\\/www.socialgroup.pl\\\/en\\\/pinterest\\\/\",\"name\":\"Prowadzenie konta Pinterest - skuteczna reklama obrazkowa\",\"isPartOf\":{\"@id\":\"https:\\\/\\\/www.socialgroup.pl\\\/#website\"},\"datePublished\":\"2019-05-21T15:01:26+00:00\",\"dateModified\":\"2025-08-29T20:09:57+00:00\",\"description\":\"Zaopiekujemy si\u0119 Twoim kontem Pinterest, zwi\u0119kszymy ruch na stronie oraz pozyskamy klient\u00f3w dla Ciebie. Skontaktuj si\u0119 z nami ju\u017c dzi\u015b!\",\"breadcrumb\":{\"@id\":\"https:\\\/\\\/www.socialgroup.pl\\\/en\\\/pinterest\\\/#breadcrumb\"},\"inLanguage\":\"en-GB\",\"potentialAction\":[{\"@type\":\"ReadAction\",\"target\":[\"https:\\\/\\\/www.socialgroup.pl\\\/en\\\/pinterest\\\/\"]}]},{\"@type\":\"BreadcrumbList\",\"@id\":\"https:\\\/\\\/www.socialgroup.pl\\\/en\\\/pinterest\\\/#breadcrumb\",\"itemListElement\":[{\"@type\":\"ListItem\",\"position\":1,\"name\":\"Strona g\u0142\u00f3wna\",\"item\":\"https:\\\/\\\/www.socialgroup.pl\\\/en\\\/\"},{\"@type\":\"ListItem\",\"position\":2,\"name\":\"Pinterest\"}]},{\"@type\":\"WebSite\",\"@id\":\"https:\\\/\\\/www.socialgroup.pl\\\/#website\",\"url\":\"https:\\\/\\\/www.socialgroup.pl\\\/\",\"name\":\"Agencja social media Pozna\u0144\",\"description\":\"Prowadzenie kont social media Pozna\u0144\",\"publisher\":{\"@id\":\"https:\\\/\\\/www.socialgroup.pl\\\/#organization\"},\"potentialAction\":[{\"@type\":\"SearchAction\",\"target\":{\"@type\":\"EntryPoint\",\"urlTemplate\":\"https:\\\/\\\/www.socialgroup.pl\\\/?s={search_term_string}\"},\"query-input\":{\"@type\":\"PropertyValueSpecification\",\"valueRequired\":true,\"valueName\":\"search_term_string\"}}],\"inLanguage\":\"en-GB\"},{\"@type\":\"Organization\",\"@id\":\"https:\\\/\\\/www.socialgroup.pl\\\/#organization\",\"name\":\"Agencja social media Pozna\u0144\",\"url\":\"https:\\\/\\\/www.socialgroup.pl\\\/\",\"logo\":{\"@type\":\"ImageObject\",\"inLanguage\":\"en-GB\",\"@id\":\"https:\\\/\\\/www.socialgroup.pl\\\/#\\\/schema\\\/logo\\\/image\\\/\",\"url\":\"https:\\\/\\\/www.socialgroup.pl\\\/wp-content\\\/uploads\\\/2019\\\/06\\\/social-group-black-logo.png\",\"contentUrl\":\"https:\\\/\\\/www.socialgroup.pl\\\/wp-content\\\/uploads\\\/2019\\\/06\\\/social-group-black-logo.png\",\"width\":348,\"height\":60,\"caption\":\"Agencja social media Pozna\u0144\"},\"image\":{\"@id\":\"https:\\\/\\\/www.socialgroup.pl\\\/#\\\/schema\\\/logo\\\/image\\\/\"}}]}<\/script>\n<!-- \/ Yoast SEO plugin. -->","yoast_head_json":{"title":"Prowadzenie konta Pinterest - skuteczna reklama obrazkowa","description":"Zaopiekujemy si\u0119 Twoim kontem Pinterest, zwi\u0119kszymy ruch na stronie oraz pozyskamy klient\u00f3w dla Ciebie. Skontaktuj si\u0119 z nami ju\u017c dzi\u015b!","robots":{"index":"index","follow":"follow","max-snippet":"max-snippet:-1","max-image-preview":"max-image-preview:large","max-video-preview":"max-video-preview:-1"},"canonical":"https:\/\/www.socialgroup.pl\/en\/pinterest\/","og_locale":"en_GB","og_type":"article","og_title":"Prowadzenie konta Pinterest - skuteczna reklama obrazkowa","og_description":"Zaopiekujemy si\u0119 Twoim kontem Pinterest, zwi\u0119kszymy ruch na stronie oraz pozyskamy klient\u00f3w dla Ciebie. Skontaktuj si\u0119 z nami ju\u017c dzi\u015b!","og_url":"https:\/\/www.socialgroup.pl\/en\/pinterest\/","og_site_name":"Agencja social media Pozna\u0144","article_modified_time":"2025-08-29T20:09:57+00:00","twitter_card":"summary_large_image","schema":{"@context":"https:\/\/schema.org","@graph":[{"@type":"WebPage","@id":"https:\/\/www.socialgroup.pl\/en\/pinterest\/","url":"https:\/\/www.socialgroup.pl\/en\/pinterest\/","name":"Prowadzenie konta Pinterest - skuteczna reklama obrazkowa","isPartOf":{"@id":"https:\/\/www.socialgroup.pl\/#website"},"datePublished":"2019-05-21T15:01:26+00:00","dateModified":"2025-08-29T20:09:57+00:00","description":"Zaopiekujemy si\u0119 Twoim kontem Pinterest, zwi\u0119kszymy ruch na stronie oraz pozyskamy klient\u00f3w dla Ciebie. Skontaktuj si\u0119 z nami ju\u017c dzi\u015b!","breadcrumb":{"@id":"https:\/\/www.socialgroup.pl\/en\/pinterest\/#breadcrumb"},"inLanguage":"en-GB","potentialAction":[{"@type":"ReadAction","target":["https:\/\/www.socialgroup.pl\/en\/pinterest\/"]}]},{"@type":"BreadcrumbList","@id":"https:\/\/www.socialgroup.pl\/en\/pinterest\/#breadcrumb","itemListElement":[{"@type":"ListItem","position":1,"name":"Strona g\u0142\u00f3wna","item":"https:\/\/www.socialgroup.pl\/en\/"},{"@type":"ListItem","position":2,"name":"Pinterest"}]},{"@type":"WebSite","@id":"https:\/\/www.socialgroup.pl\/#website","url":"https:\/\/www.socialgroup.pl\/","name":"Agencja social media Pozna\u0144","description":"Prowadzenie kont social media Pozna\u0144","publisher":{"@id":"https:\/\/www.socialgroup.pl\/#organization"},"potentialAction":[{"@type":"SearchAction","target":{"@type":"EntryPoint","urlTemplate":"https:\/\/www.socialgroup.pl\/?s={search_term_string}"},"query-input":{"@type":"PropertyValueSpecification","valueRequired":true,"valueName":"search_term_string"}}],"inLanguage":"en-GB"},{"@type":"Organization","@id":"https:\/\/www.socialgroup.pl\/#organization","name":"Agencja social media Pozna\u0144","url":"https:\/\/www.socialgroup.pl\/","logo":{"@type":"ImageObject","inLanguage":"en-GB","@id":"https:\/\/www.socialgroup.pl\/#\/schema\/logo\/image\/","url":"https:\/\/www.socialgroup.pl\/wp-content\/uploads\/2019\/06\/social-group-black-logo.png","contentUrl":"https:\/\/www.socialgroup.pl\/wp-content\/uploads\/2019\/06\/social-group-black-logo.png","width":348,"height":60,"caption":"Agencja social media Pozna\u0144"},"image":{"@id":"https:\/\/www.socialgroup.pl\/#\/schema\/logo\/image\/"}}]}},"_links":{"self":[{"href":"https:\/\/www.socialgroup.pl\/en\/wp-json\/wp\/v2\/pages\/2379","targetHints":{"allow":["GET"]}}],"collection":[{"href":"https:\/\/www.socialgroup.pl\/en\/wp-json\/wp\/v2\/pages"}],"about":[{"href":"https:\/\/www.socialgroup.pl\/en\/wp-json\/wp\/v2\/types\/page"}],"author":[{"embeddable":true,"href":"https:\/\/www.socialgroup.pl\/en\/wp-json\/wp\/v2\/users\/1"}],"replies":[{"embeddable":true,"href":"https:\/\/www.socialgroup.pl\/en\/wp-json\/wp\/v2\/comments?post=2379"}],"version-history":[{"count":54,"href":"https:\/\/www.socialgroup.pl\/en\/wp-json\/wp\/v2\/pages\/2379\/revisions"}],"predecessor-version":[{"id":3333,"href":"https:\/\/www.socialgroup.pl\/en\/wp-json\/wp\/v2\/pages\/2379\/revisions\/3333"}],"wp:attachment":[{"href":"https:\/\/www.socialgroup.pl\/en\/wp-json\/wp\/v2\/media?parent=2379"}],"curies":[{"name":"wp","href":"https:\/\/api.w.org\/{rel}","templated":true}]}}